{"id":1774,"date":"2022-06-23T17:51:13","date_gmt":"2022-06-23T16:51:13","guid":{"rendered":"https:\/\/idunbaltzersen.com\/?page_id=1774"},"modified":"2025-10-06T12:24:00","modified_gmt":"2025-10-06T11:24:00","slug":"cv","status":"publish","type":"page","link":"https:\/\/idunbaltzersen.com\/?page_id=1774","title":{"rendered":""},"content":{"rendered":"\n<figure class=\"wp-block-image size-thumbnail is-resized is-style-default\"><img loading=\"lazy\" decoding=\"async\" width=\"150\" height=\"150\" data-attachment-id=\"1971\" data-permalink=\"https:\/\/idunbaltzersen.com\/?attachment_id=1971\" data-orig-file=\"https:\/\/idunbaltzersen.com\/wp-content\/uploads\/2022\/07\/cv-1.png\" data-orig-size=\"600,485\" data-comments-opened=\"0\" data-image-meta=\"{&quot;aperture&quot;:&quot;0&quot;,&quot;credit&quot;:&quot;&quot;,&quot;camera&quot;:&quot;&quot;,&quot;caption&quot;:&quot;&quot;,&quot;created_timestamp&quot;:&quot;0&quot;,&quot;copyright&quot;:&quot;&quot;,&quot;focal_length&quot;:&quot;0&quot;,&quot;iso&quot;:&quot;0&quot;,&quot;shutter_speed&quot;:&quot;0&quot;,&quot;title&quot;:&quot;&quot;,&quot;orientation&quot;:&quot;0&quot;}\" data-image-title=\"cv-1\" data-image-description=\"\" data-image-caption=\"\" data-large-file=\"https:\/\/idunbaltzersen.com\/wp-content\/uploads\/2022\/07\/cv-1.png\" src=\"https:\/\/idunbaltzersen.com\/wp-content\/uploads\/2022\/07\/cv-1-150x150.png\" alt=\"\" class=\"wp-image-1971\" style=\"width:94px;height:auto\"\/><\/figure>\n\n\n\n<p>Idun Baltzersen, b 1987 Trondheim, Norway<br>\u2029based in Stockholm, Sweden<br>\u2029<br>Education<br>\u20292012-2014 Master of fine arts, Konstfack, Stockholm\u2029<br>2009-2012 Bachelor of printmaking, Kunsth\u00f8gskolen i Bergen<br><br>\u2029\u2029Selected solo exhibitions<br>\u20292024 Viskar varandras namn, Kalmar Konstmuseum, Sweden<br>Olja och Fisk, Lidk\u00f6pings Konsthall, Sweden<br>Synkende skip, Kunstbanken, Norway<br>Stickad tr\u00f6ja, Hedvig Eleonoras f\u00f6rsamling, Sweden<br>Strikka genser, Galleri Brandstrup, Norwat<br>2023 Bathers, Kunstnerforbundet, Norway<br>Badarna, Galleri Magnus Karlsson, Sweden<br>2021 Mirror, outpost, Copenhagen\u2029<br>Trial, Haugesund Billedgalleri, Norway<br>2020 The eyes of others, Galleri Magnus Karlsson, Sweden<br>2019 Idun Baltzersen at Alma, Sweden<br>2018 Mask, Nevven Gallery, Gothenburg, Sweden\u2029 <br>The transformation, Teckningsmuseet, Laholm, Sweden\u2029 <br>Domestication, Galleri Magnus Karlsson, Stockholm, Sweden\u2029<br>2017 Rites of passage, Konstakademien, Stockholm, Sweden\u2029 <br>Girls and horses, Trykkeriet center for contemporary printmaking, Bergen, \u2029 Norway\u2029 <br>Panorama, K\u00f6rsb\u00e4rsg\u00e5rden, Gotland, Sweden\u2029 <br>Market art fair, with Galleri Magnus Karlsson, Stockholm, Sweden<br>\u20292015 Anger Management, RAM Galleri,Oslo, Norway\u2029<br>2014 Playing Nature, Galleri Thomassen, Gothenburg, Sweden\u2029 <br>Don\u2019t look now, Galerie Artists Unlimited, Bielefeld, Germany\u2029<br><br>Selected group exhibitions<br>2025 Woodcut out of control, Kastrupgaardsamlingen, Denmark<br>Nordic noir, British Museum, UK<br>Tr\u00e4et talar, Statens Konstr\u00e5d, Sweden<br>BRAVO, Kristiansand Kunsthall, Norway<br>Ni norske i samlinga, Oseania, Norway<br>2024 M\u00e4nniskoungar, Kulturhuset stadsteatern, Sweden<br>Avesta Art, Sweden<br>Lillesand Kunstforening, Norway<br>Enter art fair, Denmark<br>Who was Branislav Tesanovic, Heerz T00ya, Bulgaria<br>2023 Painting is dead, Kunstpakhuset Ikast, Denmark<br>Market art fair, Sweden<br>BGE Contemporary, Norway<br>2022 Swedish aquisitions, Moderna Museet, Sweden<br>Galleri Brandstrup, Norway<br>Killi Olsen og venner, Kj\u00f8pmannsgata ung kunst, Norway<br>Chart art fair, Denmark<br>K\u00e4llan, Galleri Magnus Karlsson, Sweden<br>2021 A Quiet spring wanders through the apartment, Magasin III, Sweden<br>2020 Mono, Jakob Smitsmuseum, Belgium<br> Signature women, Artipelag, Sweden<br> Sights of change, Alma L\u00f6v, Sweden<br> Orkanen n\u00e6rmer seg, Bomuldsfabriken Kunsthall, Norway<br>2019 Open Art biennale, \u00d6rebro, Sweden<br> Never even, 3e v\u00e5ningen, G\u00f6teborg, Sweden<br> Mathias, Tr\u00f8ndelag centre for contemporary art, with Anna Ihle, Norway<br> Haugesund internasjonale tresnittfestival, Haugesund billedgalleri, Norway<br> Swedish style, project 88, Mumbai, India<br>2018 Uvilje, vi vil svette, Buskerud Kunstsenter, Norway\u2029 <br>Detour, Artipelag, Sweden\u2029 <br>Uvilje, Vestfold Kunstsenter, Nils Aas Kunstverksted, Norway\u2029 <br>The eagle has landed, SIC, Finland\u2029 <br>H\u00f8yTrykk, H\u00e5 gamle presteg\u00e5rd, Norway\u2029 <br>Samling i f\u00f6rvandling &#8211; Tema: Grafik, Uppsala Konstmuseum, Sverige\u2029<br>2017 Nordic relations, Bomuldsfabriken kunsthall, Arendal, Norway\u2029 <br>Frieze New York, with Galleri Magnus Karlsson, USA\u2029 <br>On materials and possibilities, Akershus Kunstsenter, Norway\u2029 <br>Dialogue in drawing, Idun Baltzersen &amp; Peter Tillberg, Uppsala Konstmuseum, \u2029 Sweden\u2029 <br>Dr\u00f6mv\u00e4rldar, V\u00e4ster\u00e5s Konstmuseum, Sverige\u2029<br>2016 Spotlight #2, Galleri Magnus Karlsson, Stockholm, Sweden\u2029 <br>Skissen, Tegnebiennalen, Galleri LNM, Oslo, Norway\u2029 <br>I see a darkness, Galleri Magnus Karlsson, Hellvi K\u00e4nnungs, Gotland, Sweden\u2029 <br>When darkness comes, it\u00b4s all good,Varbergs Konsthall, Sweden\u2029 <br>Passive aggressive, with Anna Ihle Kunstgarasjen, Bergen, Norway\u2029 <br>Ner\u00e5t, with Anna-Karin Rasmusson, Konstakademien, Stockholm, Sweden\u2029 <br>Getfotsfondens stipendiat, Grafiska s\u00e4llskapet, Stockholm, Sweden\u2029<br>2015 Orka, Husby Konsthall, Sweden\u2029 <br>Fredrik Roos Stipendium, Moderna museet, Malm\u00f6, Sweden\u2029 <br>Figurstudie, Baltzersen og Guttormsgaard, Kunstnerforbundet, Oslo, Norway\u2029 <br>Illusions and reproductions, with Kristie MacDonald, galleri BABEL, \u2029 Trondheim, Norway<br>\u2029<br>Public comissions<br>Tr\u00f6ingeskolan, Sweden<br>Kvartal1, Lillestr\u00f8m, Norway<br>Aukra Kulturhus (together with Anne-Tove Huse), Norway<br>Skanskvarnsskolan, Sweden<br>Duved skola, Sweden<br>Glommasvingen Skole, Skarnes, Norway<br>S\u00f6dersjukhuset, Stockholm, Sweden<br>Nya sigfrisom\u00e5det, V\u00e4xj\u00f6, Sweden<br>Gl\u00f6storpsskolan, Sweden<br><br>Collections<br>British Museum, UK<br>Kastrupgaardsamlingen, Denmark<br>Moderna Museet, Sweden<br>G\u00f6teborg konstmuseum, Sweden<br>Griegsamlingen, Norway<br>Magasin III Museum &amp; Foundation for contemporary art, Sweden<br>Haugesund Museum of Fine Art, Norway<br>\u2029Uppsala Konstmuseum, Sweden<br>\u2029V\u00e4ster\u00e5s Konstmuseum, Sweden<br>\u2029Statens konstr\u00e5d, Sweden<br>\u2029Stockholms l\u00e4ns lansting, Sweden\u2029<br>Oslo kommunes kunstsamling, Norway<br>Jonk\u00f6pings l\u00e4ns lansting, Sweden\u2029<br>Region Kronoberg, Sweden\u2029<br>Trondheim Kommune, Norway\u2029<br>Equinors Kunstsamling, Norway<br><br><\/p>\n","protected":false},"excerpt":{"rendered":"<p>Idun Baltzersen, b 1987 Trondheim, Norway\u2029based in Stockholm, Sweden\u2029Education\u20292012-2014 Master of fine arts, Konstfack, Stockholm\u20292009-2012 Bachelor of printmaking, Kunsth\u00f8gskolen i Bergen \u2029\u2029Selected solo exhibitions\u20292024 Viskar varandras namn, Kalmar Konstmuseum, SwedenOlja och Fisk, Lidk\u00f6pings Konsthall, SwedenSynkende skip, Kunstbanken, NorwayStickad tr\u00f6ja, Hedvig Eleonoras f\u00f6rsamling, SwedenStrikka genser, Galleri Brandstrup, Norwat2023 Bathers, Kunstnerforbundet, NorwayBadarna, Galleri Magnus Karlsson, Sweden2021 Mirror, [&hellip;]<\/p>\n","protected":false},"author":1,"featured_media":0,"parent":0,"menu_order":0,"comment_status":"closed","ping_status":"closed","template":"","meta":{"footnotes":""},"categories":[],"tags":[],"class_list":["post-1774","page","type-page","status-publish","hentry"],"jetpack_sharing_enabled":true,"_links":{"self":[{"href":"https:\/\/idunbaltzersen.com\/index.php?rest_route=\/wp\/v2\/pages\/1774","targetHints":{"allow":["GET"]}}],"collection":[{"href":"https:\/\/idunbaltzersen.com\/index.php?rest_route=\/wp\/v2\/pages"}],"about":[{"href":"https:\/\/idunbaltzersen.com\/index.php?rest_route=\/wp\/v2\/types\/page"}],"author":[{"embeddable":true,"href":"https:\/\/idunbaltzersen.com\/index.php?rest_route=\/wp\/v2\/users\/1"}],"replies":[{"embeddable":true,"href":"https:\/\/idunbaltzersen.com\/index.php?rest_route=%2Fwp%2Fv2%2Fcomments&post=1774"}],"version-history":[{"count":13,"href":"https:\/\/idunbaltzersen.com\/index.php?rest_route=\/wp\/v2\/pages\/1774\/revisions"}],"predecessor-version":[{"id":2427,"href":"https:\/\/idunbaltzersen.com\/index.php?rest_route=\/wp\/v2\/pages\/1774\/revisions\/2427"}],"wp:attachment":[{"href":"https:\/\/idunbaltzersen.com\/index.php?rest_route=%2Fwp%2Fv2%2Fmedia&parent=1774"}],"wp:term":[{"taxonomy":"category","embeddable":true,"href":"https:\/\/idunbaltzersen.com\/index.php?rest_route=%2Fwp%2Fv2%2Fcategories&post=1774"},{"taxonomy":"post_tag","embeddable":true,"href":"https:\/\/idunbaltzersen.com\/index.php?rest_route=%2Fwp%2Fv2%2Ftags&post=1774"}],"curies":[{"name":"wp","href":"https:\/\/api.w.org\/{rel}","templated":true}]}}